{"id":53736,"date":"2026-02-09T17:36:16","date_gmt":"2026-02-09T15:36:16","guid":{"rendered":"https:\/\/new.aaarent.ee\/?post_type=product&#038;p=53736"},"modified":"2026-04-22T03:46:59","modified_gmt":"2026-04-22T00:46:59","slug":"2021-toyota-corolla","status":"publish","type":"product","link":"https:\/\/new.aaarent.ee\/fi\/vehicles\/2021-toyota-corolla\/","title":{"rendered":"2021 Toyota Corolla"},"content":{"rendered":"<p>Corolla universaal \u00fchendab t\u00f6\u00f6kindluse, \u00f6konoomsuse ja avara pagasiruumi. Manuaalk\u00e4igukast tagab sujuva kulgemise nii linnas kui maanteel. Hea valik perele ja aktiivsele elustiilile.<\/p>\n","protected":false},"excerpt":{"rendered":"<p>Corolla universaal \u00fchendab t\u00f6\u00f6kindluse, \u00f6konoomsuse ja avara pagasiruumi. Manuaalk\u00e4igukast tagab sujuva kulgemise nii linnas kui maanteel. Hea valik perele ja aktiivsele elustiilile.<\/p>\n","protected":false},"featured_media":52835,"template":"","meta":{"_acf_changed":false},"product_brand":[],"product_cat":[389],"product_tag":[],"class_list":{"0":"post-53736","1":"product","2":"type-product","3":"status-publish","4":"has-post-thumbnail","6":"product_cat-vehicles","8":"first","9":"instock","10":"virtual","11":"sold-individually","12":"taxable","13":"purchasable","14":"product-type-jet_booking"},"exclude_global_add_ons":[],"addons":[],"acf":[],"_links":{"self":[{"href":"https:\/\/new.aaarent.ee\/fi\/wp-json\/wp\/v2\/product\/53736","targetHints":{"allow":["GET"]}}],"collection":[{"href":"https:\/\/new.aaarent.ee\/fi\/wp-json\/wp\/v2\/product"}],"about":[{"href":"https:\/\/new.aaarent.ee\/fi\/wp-json\/wp\/v2\/types\/product"}],"wp:featuredmedia":[{"embeddable":true,"href":"https:\/\/new.aaarent.ee\/fi\/wp-json\/wp\/v2\/media\/52835"}],"wp:attachment":[{"href":"https:\/\/new.aaarent.ee\/fi\/wp-json\/wp\/v2\/media?parent=53736"}],"wp:term":[{"taxonomy":"product_brand","embeddable":true,"href":"https:\/\/new.aaarent.ee\/fi\/wp-json\/wp\/v2\/product_brand?post=53736"},{"taxonomy":"product_cat","embeddable":true,"href":"https:\/\/new.aaarent.ee\/fi\/wp-json\/wp\/v2\/product_cat?post=53736"},{"taxonomy":"product_tag","embeddable":true,"href":"https:\/\/new.aaarent.ee\/fi\/wp-json\/wp\/v2\/product_tag?post=53736"}],"curies":[{"name":"wp","href":"https:\/\/api.w.org\/{rel}","templated":true}]}}