{"id":53934,"date":"2026-03-26T00:14:51","date_gmt":"2026-03-25T22:14:51","guid":{"rendered":"https:\/\/new.aaarent.ee\/yleiset-ehdot\/"},"modified":"2026-03-26T00:15:22","modified_gmt":"2026-03-25T22:15:22","slug":"yleiset-ehdot","status":"publish","type":"page","link":"https:\/\/new.aaarent.ee\/fi\/yleiset-ehdot\/","title":{"rendered":"Yleiset ehdot"},"content":{"rendered":"\t\t<div data-elementor-type=\"wp-page\" data-elementor-id=\"53934\" class=\"elementor elementor-53934 elementor-51498\" data-elementor-post-type=\"page\">\n\t\t\t\t\t\t<section class=\"elementor-section elementor-top-section elementor-element elementor-element-8816aa0 elementor-section-boxed elementor-section-height-default elementor-section-height-default\" data-id=\"8816aa0\" data-element_type=\"section\" data-e-type=\"section\">\n\t\t\t\t\t\t<div class=\"elementor-container elementor-column-gap-no\">\n\t\t\t\t\t<div class=\"elementor-column elementor-col-100 elementor-top-column elementor-element elementor-element-35178a9\" data-id=\"35178a9\" data-element_type=\"column\" data-e-type=\"column\">\n\t\t\t<div class=\"elementor-widget-wrap elementor-element-populated\">\n\t\t\t\t\t\t<div class=\"elementor-element elementor-element-282973f elementor-widget elementor-widget-heading\" data-id=\"282973f\" data-element_type=\"widget\" data-e-type=\"widget\" data-widget_type=\"heading.default\">\n\t\t\t\t<div class=\"elementor-widget-container\">\n\t\t\t\t\t<h2 class=\"elementor-heading-title elementor-size-default\">Yleiset ehdot<\/h2>\t\t\t\t<\/div>\n\t\t\t\t<\/div>\n\t\t\t\t<div class=\"elementor-element elementor-element-b912db4 elementor-widget elementor-widget-text-editor\" data-id=\"b912db4\" data-element_type=\"widget\" data-e-type=\"widget\" data-widget_type=\"text-editor.default\">\n\t\t\t\t<div class=\"elementor-widget-container\">\n\t\t\t\t\t\t\t\t\t<p>N\u00e4m\u00e4 Kestotilauksen yleiset ehdot (j\u00e4ljemp\u00e4n\u00e4 &#8221;Ehdot&#8221;) s\u00e4\u00e4ntelev\u00e4t suhdetta Osapuoleen, joka hyv\u00e4ksyy liitty\u00e4 Kestotilaukseen (seuraavassa m\u00e4\u00e4ritelty &#8221;Asiakas&#8221;) ja AddFleetiin tai AddFleetiin (j\u00e4ljemp\u00e4n\u00e4 &#8221;Palveluntarjoaja&#8221;).<\/p><p><strong>1. KESTOTILAUKSEN M\u00c4\u00c4RITELM\u00c4<\/strong><\/p><p>Kestotilaus on palvelusopimus, jossa Palveluntarjoaja tarjoaa Asiakkaalle autoa vuokralle kiinte\u00e4\u00e4 kuukausimaksua vastaan m\u00e4\u00e4ritysten ja ehtojen mukaisesti.<\/p><p><strong>2. PALVELUN KUVAUS<\/strong><\/p><p>Palveluntarjoaja tarjoaa seuraavia palveluja:<\/p><ul><li>Auton vuokraus m\u00e4\u00e4rittyjen p\u00e4ivien ajaksi<\/li><li>Vakuutus (kolmannen osapuolen vastuuvakuutus)<\/li><li>Huolto ja korjaus<\/li><li>Rengaspaketti<\/li><li>24\/7 maantiepalvelu<\/li><li>Sijaisauto huollon aikana<\/li><\/ul><p><strong>3. SOPIMUSKAUSI JA MAKSU<\/strong><\/p><p>Kestotilauksen sopimuskaudeksi sovitaan {agreement_term} kuukautta. Asiakkaalle l\u00e4hetet\u00e4\u00e4n lasku joka kuukausi, ja maksu tulee suorittaa {payment_method} mukaisesti. Maksu on maksettava viimeist\u00e4\u00e4n 5 p\u00e4iv\u00e4\u00e4 laskun saapumisesta.<\/p><p><strong>4. OMAVASTUU<\/strong><\/p><p>Asiakkaan omavastuu m\u00e4\u00e4ritell\u00e4\u00e4n sopimuksessa. Jos poikkeamia on, Asiakas vastaa omavastauksensa rajoissa.<\/p><p><strong>5. K\u00c4YTT\u00d6ALUE<\/strong><\/p><p>Autoa saa k\u00e4ytt\u00e4\u00e4 Viron, Latvian ja Liettuan alueella sek\u00e4 muissa maissa, joista Palveluntarjoajalle on ilmoitettu etuk\u00e4teen.<\/p><p><strong>6. SOPIMUSKAUDEN P\u00c4\u00c4TTYMINEN<\/strong><\/p><p>Sopimus voidaan irtisanoa 30 p\u00e4iv\u00e4n varoitusajalla molempien osapuolten puolelta. Jos sopimus p\u00e4\u00e4tet\u00e4\u00e4n aiemmin, asiakas voi olla vastuussa sopimuksesta m\u00e4\u00e4rittyjen maksujen suorittamisesta.<\/p><p><strong>7. AUTON PALAUTUS<\/strong><\/p><p>Asiakas sitoutuu palauttamaan auton sopimuksessa m\u00e4\u00e4rittyjen ehtojen mukaisesti. Auto on palautettava siisteess\u00e4 kunnossa, ilman vaurioita, jotka johtuvat Asiakkaan laiminly\u00f6nnist\u00e4.<\/p><p><strong>8. VASTUUN RAJOITTAMINEN<\/strong><\/p><p>Palveluntarjoaja ei vastaa v\u00e4lillisist\u00e4 tai satunnaisista vahingoista. Palveluntarjoajan vastuu on rajoitettu maksetun vuokran m\u00e4\u00e4r\u00e4\u00e4n.<\/p><p><strong>9. VAKUUTUS<\/strong><\/p><p>Autoon sis\u00e4ltyy kolmannen osapuolen vastuuvakuutus. Asiakas voi ottaa lis\u00e4vakuutuksen sopimuksessa m\u00e4\u00e4ritysten mukaisesti.<\/p><p><strong>10. OMAVASTUU JA VAHINGOT<\/strong><\/p><p>Jos auto vahingoittuu Asiakkaan k\u00e4yt\u00f6n aikana, Asiakas vastaa m\u00e4\u00e4rittyjen omavastuu-ehtojen mukaisesti. Kaikki vauriot on ilmoitettava Palveluntarjoajalle 24 tunnin kuluessa.<\/p><p><strong>11. SOPIMUKSEN IRTISANOMINEN<\/strong><\/p><p>Mik\u00e4 tahansa osapuoli voi irtisanoa sopimuksen 30 p\u00e4iv\u00e4n varoitusajalla. Sopimuksen ennenaikainen irtisanominen voi johtaa lis\u00e4maksuihin.<\/p><p><strong>12. SOVELTUMATON LAKI<\/strong><\/p><p>T\u00e4m\u00e4 sopimus noudattaa Viron lains\u00e4\u00e4d\u00e4nt\u00f6\u00e4 ja on tulkittava Viron lakien mukaisesti.<\/p><p><strong>13. RIITOJENHALLINTA<\/strong><\/p><p>Jos ristiriita syntyy, osapuolet pyrkiv\u00e4t ratkaista sen keskustelun kautta. Jos sovinto ei onnistu, asiat k\u00e4sitell\u00e4\u00e4n Viron oikeudessa.<\/p><p><strong>14. MUUTOKSET SOPIMUKSEEN<\/strong><\/p><p>Palveluntarjoaja voi tehd\u00e4 muutoksia sopimukseen 30 p\u00e4iv\u00e4n varoitusajalla. Muutoksista ilmoitetaan Asiakkaalle kirjallisesti.<\/p><p><strong>15. LOPPUS\u00c4\u00c4NN\u00d6KSET<\/strong><\/p><p>Jos jokin ehto todetaan mit\u00e4tt\u00f6m\u00e4ksi, muut ehdot j\u00e4\u00e4v\u00e4t voimaan. N\u00e4m\u00e4 ehdot muodostavat koko sopimuksen Osapuolten v\u00e4lill\u00e4.<\/p>\t\t\t\t\t\t\t\t<\/div>\n\t\t\t\t<\/div>\n\t\t\t\t\t<\/div>\n\t\t<\/div>\n\t\t\t\t\t<\/div>\n\t\t<\/section>\n\t\t\t\t<\/div>\n\t\t","protected":false},"excerpt":{"rendered":"<p>Yleiset ehdot N\u00e4m\u00e4 Kestotilauksen yleiset ehdot (j\u00e4ljemp\u00e4n\u00e4 &#8221;Ehdot&#8221;) s\u00e4\u00e4ntelev\u00e4t suhdetta Osapuoleen, joka hyv\u00e4ksyy liitty\u00e4 Kestotilaukseen (seuraavassa m\u00e4\u00e4ritelty &#8221;Asiakas&#8221;) ja AddFleetiin tai AddFleetiin (j\u00e4ljemp\u00e4n\u00e4 &#8221;Palveluntarjoaja&#8221;). 1. KESTOTILAUKSEN M\u00c4\u00c4RITELM\u00c4 Kestotilaus on palvelusopimus, jossa Palveluntarjoaja tarjoaa Asiakkaalle autoa vuokralle kiinte\u00e4\u00e4 kuukausimaksua vastaan m\u00e4\u00e4ritysten ja ehtojen mukaisesti. 2. PALVELUN KUVAUS Palveluntarjoaja tarjoaa seuraavia palveluja: Auton vuokraus m\u00e4\u00e4rittyjen p\u00e4ivien ajaksi [&hellip;]<\/p>\n","protected":false},"author":2,"featured_media":0,"parent":0,"menu_order":0,"comment_status":"closed","ping_status":"closed","template":"","meta":{"_acf_changed":false,"footnotes":""},"class_list":["post-53934","page","type-page","status-publish","hentry"],"acf":[],"_links":{"self":[{"href":"https:\/\/new.aaarent.ee\/fi\/wp-json\/wp\/v2\/pages\/53934","targetHints":{"allow":["GET"]}}],"collection":[{"href":"https:\/\/new.aaarent.ee\/fi\/wp-json\/wp\/v2\/pages"}],"about":[{"href":"https:\/\/new.aaarent.ee\/fi\/wp-json\/wp\/v2\/types\/page"}],"author":[{"embeddable":true,"href":"https:\/\/new.aaarent.ee\/fi\/wp-json\/wp\/v2\/users\/2"}],"replies":[{"embeddable":true,"href":"https:\/\/new.aaarent.ee\/fi\/wp-json\/wp\/v2\/comments?post=53934"}],"version-history":[{"count":1,"href":"https:\/\/new.aaarent.ee\/fi\/wp-json\/wp\/v2\/pages\/53934\/revisions"}],"predecessor-version":[{"id":53935,"href":"https:\/\/new.aaarent.ee\/fi\/wp-json\/wp\/v2\/pages\/53934\/revisions\/53935"}],"wp:attachment":[{"href":"https:\/\/new.aaarent.ee\/fi\/wp-json\/wp\/v2\/media?parent=53934"}],"curies":[{"name":"wp","href":"https:\/\/api.w.org\/{rel}","templated":true}]}}