{"id":53932,"date":"2026-03-26T00:14:50","date_gmt":"2026-03-25T22:14:50","guid":{"rendered":"https:\/\/new.aaarent.ee\/tietosuojakaytanto\/"},"modified":"2026-03-26T00:15:22","modified_gmt":"2026-03-25T22:15:22","slug":"tietosuojakaytanto","status":"publish","type":"page","link":"https:\/\/new.aaarent.ee\/fi\/tietosuojakaytanto\/","title":{"rendered":"Tietosuojak\u00e4yt\u00e4nt\u00f6"},"content":{"rendered":"\t\t<div data-elementor-type=\"wp-page\" data-elementor-id=\"53932\" class=\"elementor elementor-53932 elementor-52562\" data-elementor-post-type=\"page\">\n\t\t\t\t\t\t<section class=\"elementor-section elementor-top-section elementor-element elementor-element-8816aa0 elementor-section-boxed elementor-section-height-default elementor-section-height-default\" data-id=\"8816aa0\" data-element_type=\"section\" data-e-type=\"section\">\n\t\t\t\t\t\t<div class=\"elementor-container elementor-column-gap-no\">\n\t\t\t\t\t<div class=\"elementor-column elementor-col-100 elementor-top-column elementor-element elementor-element-35178a9\" data-id=\"35178a9\" data-element_type=\"column\" data-e-type=\"column\">\n\t\t\t<div class=\"elementor-widget-wrap elementor-element-populated\">\n\t\t\t\t\t\t<div class=\"elementor-element elementor-element-282973f elementor-widget elementor-widget-heading\" data-id=\"282973f\" data-element_type=\"widget\" data-e-type=\"widget\" data-widget_type=\"heading.default\">\n\t\t\t\t<div class=\"elementor-widget-container\">\n\t\t\t\t\t<h2 class=\"elementor-heading-title elementor-size-default\">Tietosuojak\u00e4yt\u00e4nt\u00f6<\/h2>\t\t\t\t<\/div>\n\t\t\t\t<\/div>\n\t\t\t\t<div class=\"elementor-element elementor-element-b912db4 elementor-widget elementor-widget-text-editor\" data-id=\"b912db4\" data-element_type=\"widget\" data-e-type=\"widget\" data-widget_type=\"text-editor.default\">\n\t\t\t\t<div class=\"elementor-widget-container\">\n\t\t\t\t\t\t\t\t\t<p>Viimeksi p\u00e4ivitetty: 18.07.2025<\/p>\n<p>Tervetuloa verkkosivustolle www.addfleet.ee (j\u00e4ljemp\u00e4n\u00e4 &#8221;Verkkosivusto&#8221;). Meid\u00e4n tietosuojak\u00e4yt\u00e4nt\u00f6mme kuvailee, kuinka addFleet k\u00e4sittelee henkil\u00f6tietojasi ja kuinka suojelemme yksityisyytt\u00e4si.<\/p>\n<p><strong>1. Mitk\u00e4 tiedot ker\u00e4\u00e4mme<\/strong><\/p>\n<p>Ker\u00e4\u00e4mme seuraavia henkil\u00f6tietoja:<\/p>\n<ul>\n<li>Nimet ja yhteystiedot (s\u00e4hk\u00f6posti, puhelinnumero)<\/li>\n<li>Osoitteet<\/li>\n<li>Maksutiedot<\/li>\n<li>Ajon historiatiedot<\/li>\n<li>Muut tiedot, joita annat meille<\/li>\n<\/ul>\n<p><strong>2. Miten k\u00e4yt\u00e4mme tietojasi<\/strong><\/p>\n<p>K\u00e4yt\u00e4mme ker\u00e4\u00e4m\u00e4si tietoja seuraaviin tarkoituksiin:<\/p>\n<ul>\n<li>Autovuokrauspalvelun toimittaminen<\/li>\n<li>Laskujen l\u00e4hetys ja maksun vastaanottaminen<\/li>\n<li>Markkinointiviestien l\u00e4hett\u00e4minen (jos olet niihin suostunut)<\/li>\n<li>Asiakaspalvelun tarjoaminen<\/li>\n<li>Palvelun parantaminen<\/li>\n<\/ul>\n<p><strong>3. Tiedon jakaminen<\/strong><\/p>\n<p>Emme jaa henkil\u00f6tietojasi kolmansille osapuolille ilman suostumustasi, paitsi tapauksissa, joissa se on lain vaatimaa.<\/p>\n<p><strong>4. Tiedon turvallisuus<\/strong><\/p>\n<p>Suojelemme henkil\u00f6tietojasi k\u00e4ytt\u00e4m\u00e4ll\u00e4 teknisi\u00e4 ja hallinnollisia suojaustoimia.<\/p>\n<p><strong>5. Sinun oikeutesi<\/strong><\/p>\n<p>Sinulla on oikeus:<\/p>\n<ul>\n<li>Saada p\u00e4\u00e4sy henkil\u00f6tietoihisi<\/li>\n<li>Korjata ep\u00e4tarkkoja tietoja<\/li>\n<li>Pyyt\u00e4\u00e4 tietojensa poistamista<\/li>\n<li>Vastustaa tietojesi k\u00e4ytt\u00f6\u00e4<\/li>\n<\/ul>\n<p>Ota yhteytt\u00e4 info@pikaajalineautorent.ee, jos haluat k\u00e4ytt\u00e4\u00e4 n\u00e4it\u00e4 oikeuksia.<\/p>\n\t\t\t\t\t\t\t\t<\/div>\n\t\t\t\t<\/div>\n\t\t\t\t\t<\/div>\n\t\t<\/div>\n\t\t\t\t\t<\/div>\n\t\t<\/section>\n\t\t\t\t<\/div>\n\t\t","protected":false},"excerpt":{"rendered":"<p>Tietosuojak\u00e4yt\u00e4nt\u00f6 Viimeksi p\u00e4ivitetty: 18.07.2025 Tervetuloa verkkosivustolle www.addfleet.ee (j\u00e4ljemp\u00e4n\u00e4 &#8221;Verkkosivusto&#8221;). Meid\u00e4n tietosuojak\u00e4yt\u00e4nt\u00f6mme kuvailee, kuinka addFleet k\u00e4sittelee henkil\u00f6tietojasi ja kuinka suojelemme yksityisyytt\u00e4si. 1. Mitk\u00e4 tiedot ker\u00e4\u00e4mme Ker\u00e4\u00e4mme seuraavia henkil\u00f6tietoja: Nimet ja yhteystiedot (s\u00e4hk\u00f6posti, puhelinnumero) Osoitteet Maksutiedot Ajon historiatiedot Muut tiedot, joita annat meille 2. Miten k\u00e4yt\u00e4mme tietojasi K\u00e4yt\u00e4mme ker\u00e4\u00e4m\u00e4si tietoja seuraaviin tarkoituksiin: Autovuokrauspalvelun toimittaminen Laskujen l\u00e4hetys ja [&hellip;]<\/p>\n","protected":false},"author":2,"featured_media":0,"parent":0,"menu_order":0,"comment_status":"closed","ping_status":"closed","template":"","meta":{"_acf_changed":false,"footnotes":""},"class_list":["post-53932","page","type-page","status-publish","hentry"],"acf":[],"_links":{"self":[{"href":"https:\/\/new.aaarent.ee\/fi\/wp-json\/wp\/v2\/pages\/53932","targetHints":{"allow":["GET"]}}],"collection":[{"href":"https:\/\/new.aaarent.ee\/fi\/wp-json\/wp\/v2\/pages"}],"about":[{"href":"https:\/\/new.aaarent.ee\/fi\/wp-json\/wp\/v2\/types\/page"}],"author":[{"embeddable":true,"href":"https:\/\/new.aaarent.ee\/fi\/wp-json\/wp\/v2\/users\/2"}],"replies":[{"embeddable":true,"href":"https:\/\/new.aaarent.ee\/fi\/wp-json\/wp\/v2\/comments?post=53932"}],"version-history":[{"count":1,"href":"https:\/\/new.aaarent.ee\/fi\/wp-json\/wp\/v2\/pages\/53932\/revisions"}],"predecessor-version":[{"id":53933,"href":"https:\/\/new.aaarent.ee\/fi\/wp-json\/wp\/v2\/pages\/53932\/revisions\/53933"}],"wp:attachment":[{"href":"https:\/\/new.aaarent.ee\/fi\/wp-json\/wp\/v2\/media?parent=53932"}],"curies":[{"name":"wp","href":"https:\/\/api.w.org\/{rel}","templated":true}]}}