{"id":53924,"date":"2026-03-26T00:14:50","date_gmt":"2026-03-25T22:14:50","guid":{"rendered":"https:\/\/new.aaarent.ee\/pakettiauto-vuokraus\/"},"modified":"2026-03-26T00:15:22","modified_gmt":"2026-03-25T22:15:22","slug":"pakettiauto-vuokraus","status":"publish","type":"page","link":"https:\/\/new.aaarent.ee\/fi\/pakettiauto-vuokraus\/","title":{"rendered":"Pakettiauto-vuokraus"},"content":{"rendered":"\t\t<div data-elementor-type=\"wp-page\" data-elementor-id=\"53924\" class=\"elementor elementor-53924 elementor-53174\" data-elementor-post-type=\"page\">\n\t\t\t\t\t\t<section data-dce-background-color=\"#F1F1F1\" data-dce-background-overlay-color=\"#0000001F\" data-dce-background-image-url=\"https:\/\/new.aaarent.ee\/wp-content\/uploads\/2025\/12\/PEUGEOT_PARTNER_R_2023_BEV_DIGITAL_MASTHEAD_DESKTOP_2880x1620.jpg.webp\" class=\"elementor-section elementor-top-section elementor-element elementor-element-af983f5 elementor-section-boxed elementor-section-height-default elementor-section-height-default\" data-id=\"af983f5\" data-element_type=\"section\" data-e-type=\"section\" data-settings=\"{&quot;animation_mobile&quot;:&quot;none&quot;,&quot;background_background&quot;:&quot;classic&quot;}\">\n\t\t\t\t\t\t\t<div class=\"elementor-background-overlay\"><\/div>\n\t\t\t\t\t\t\t<div class=\"elementor-container elementor-column-gap-no\">\n\t\t\t\t\t<div class=\"elementor-column elementor-col-100 elementor-top-column elementor-element elementor-element-3fb56cc9\" data-id=\"3fb56cc9\" data-element_type=\"column\" data-e-type=\"column\">\n\t\t\t<div class=\"elementor-widget-wrap elementor-element-populated\">\n\t\t\t\t\t\t<section class=\"elementor-section elementor-inner-section elementor-element elementor-element-4079158 elementor-section-boxed elementor-section-height-default elementor-section-height-default\" data-id=\"4079158\" data-element_type=\"section\" data-e-type=\"section\">\n\t\t\t\t\t\t<div class=\"elementor-container elementor-column-gap-no\">\n\t\t\t\t\t<div class=\"elementor-column elementor-col-100 elementor-inner-column elementor-element elementor-element-fdebd95\" data-id=\"fdebd95\" data-element_type=\"column\" data-e-type=\"column\">\n\t\t\t<div class=\"elementor-widget-wrap elementor-element-populated\">\n\t\t\t\t\t\t<div data-dce-title-color=\"#FFFFFF\" class=\"elementor-element elementor-element-f7e873f elementor-widget-mobile__width-initial elementor-widget__width-initial elementor-widget elementor-widget-heading\" data-id=\"f7e873f\" data-element_type=\"widget\" data-e-type=\"widget\" data-settings=\"{&quot;_animation_mobile&quot;:&quot;fadeIn&quot;}\" data-widget_type=\"heading.default\">\n\t\t\t\t<div class=\"elementor-widget-container\">\n\t\t\t\t\t<h1 class=\"elementor-heading-title elementor-size-default\">Pakettiauto-vuokraus<\/h1>\t\t\t\t<\/div>\n\t\t\t\t<\/div>\n\t\t\t\t<div data-dce-title-color=\"#FFFFFF\" class=\"elementor-element elementor-element-a6d2376 elementor-widget-mobile__width-initial elementor-widget elementor-widget-heading\" data-id=\"a6d2376\" data-element_type=\"widget\" data-e-type=\"widget\" data-settings=\"{&quot;_animation_mobile&quot;:&quot;fadeIn&quot;}\" data-widget_type=\"heading.default\">\n\t\t\t\t<div class=\"elementor-widget-container\">\n\t\t\t\t\t<span class=\"elementor-heading-title elementor-size-default\">Luotettava ja kustannustehokas valinta<\/span>\t\t\t\t<\/div>\n\t\t\t\t<\/div>\n\t\t\t\t<div class=\"elementor-element elementor-element-65b1ed2 elementor-mobile-align-left elementor-widget elementor-widget-button\" data-id=\"65b1ed2\" data-element_type=\"widget\" data-e-type=\"widget\" data-widget_type=\"button.default\">\n\t\t\t\t<div class=\"elementor-widget-container\">\n\t\t\t\t\t\t\t\t\t<div class=\"elementor-button-wrapper\">\n\t\t\t\t\t<a class=\"elementor-button elementor-button-link elementor-size-sm\" href=\"https:\/\/new.aaarent.ee\/vehicles\/soodne-ja-pikaajaline-2020-peugeot-partner-taisteenusrent-tallinnas\/\">\n\t\t\t\t\t\t<span class=\"elementor-button-content-wrapper\">\n\t\t\t\t\t\t\t\t\t<span class=\"elementor-button-text\">Meid\u00e4n autot<\/span>\n\t\t\t\t\t<\/span>\n\t\t\t\t\t<\/a>\n\t\t\t\t<\/div>\n\t\t\t\t\t\t\t\t<\/div>\n\t\t\t\t<\/div>\n\t\t\t\t\t<\/div>\n\t\t<\/div>\n\t\t\t\t\t<\/div>\n\t\t<\/section>\n\t\t\t\t<div class=\"elementor-element elementor-element-113a06b elementor-icon-list--layout-inline elementor-hidden-mobile elementor-list-item-link-full_width elementor-widget elementor-widget-icon-list\" data-id=\"113a06b\" data-element_type=\"widget\" data-e-type=\"widget\" data-widget_type=\"icon-list.default\">\n\t\t\t\t<div class=\"elementor-widget-container\">\n\t\t\t\t\t\t\t<ul class=\"elementor-icon-list-items elementor-inline-items\">\n\t\t\t\t\t\t\t<li class=\"elementor-icon-list-item elementor-inline-item\">\n\t\t\t\t\t\t\t\t\t\t\t<span class=\"elementor-icon-list-icon\">\n\t\t\t\t\t\t\t<i aria-hidden=\"true\" class=\"fas fa-check\"><\/i>\t\t\t\t\t\t<\/span>\n\t\t\t\t\t\t\t\t\t\t<span class=\"elementor-icon-list-text\">Huollot ja korjaukset<\/span>\n\t\t\t\t\t\t\t\t\t<\/li>\n\t\t\t\t\t\t\t\t<li class=\"elementor-icon-list-item elementor-inline-item\">\n\t\t\t\t\t\t\t\t\t\t\t<span class=\"elementor-icon-list-icon\">\n\t\t\t\t\t\t\t<i aria-hidden=\"true\" class=\"fas fa-check\"><\/i>\t\t\t\t\t\t<\/span>\n\t\t\t\t\t\t\t\t\t\t<span class=\"elementor-icon-list-text\">Renkaat<\/span>\n\t\t\t\t\t\t\t\t\t<\/li>\n\t\t\t\t\t\t\t\t<li class=\"elementor-icon-list-item elementor-inline-item\">\n\t\t\t\t\t\t\t\t\t\t\t<span class=\"elementor-icon-list-icon\">\n\t\t\t\t\t\t\t<i aria-hidden=\"true\" class=\"fas fa-check\"><\/i>\t\t\t\t\t\t<\/span>\n\t\t\t\t\t\t\t\t\t\t<span class=\"elementor-icon-list-text\">Vakuutukset<\/span>\n\t\t\t\t\t\t\t\t\t<\/li>\n\t\t\t\t\t\t\t\t<li class=\"elementor-icon-list-item elementor-inline-item\">\n\t\t\t\t\t\t\t\t\t\t\t<span class=\"elementor-icon-list-icon\">\n\t\t\t\t\t\t\t<i aria-hidden=\"true\" class=\"fas fa-check\"><\/i>\t\t\t\t\t\t<\/span>\n\t\t\t\t\t\t\t\t\t\t<span class=\"elementor-icon-list-text\">Sijaisauto ja tiepalvelu<\/span>\n\t\t\t\t\t\t\t\t\t<\/li>\n\t\t\t\t\t\t\t\t<li class=\"elementor-icon-list-item elementor-inline-item\">\n\t\t\t\t\t\t\t\t\t\t\t<span class=\"elementor-icon-list-icon\">\n\t\t\t\t\t\t\t<i aria-hidden=\"true\" class=\"fas fa-check\"><\/i>\t\t\t\t\t\t<\/span>\n\t\t\t\t\t\t\t\t\t\t<span class=\"elementor-icon-list-text\">Tekninen tarkastus<\/span>\n\t\t\t\t\t\t\t\t\t<\/li>\n\t\t\t\t\t\t<\/ul>\n\t\t\t\t\t\t<\/div>\n\t\t\t\t<\/div>\n\t\t\t\t\t<\/div>\n\t\t<\/div>\n\t\t\t\t\t<\/div>\n\t\t<\/section>\n\t\t\t\t<div data-dce-background-color=\"#F7F6F7\" class=\"elementor-section elementor-top-section elementor-element elementor-element-30a66b22 elementor-section-boxed elementor-section-height-default elementor-section-height-default\" data-id=\"30a66b22\" data-element_type=\"section\" data-e-type=\"section\" data-settings=\"{&quot;animation_mobile&quot;:&quot;fadeIn&quot;,&quot;background_background&quot;:&quot;classic&quot;}\">\n\t\t\t\t\t\t<div class=\"elementor-container elementor-column-gap-no\">\n\t\t\t\t\t<div class=\"elementor-column elementor-col-100 elementor-top-column elementor-element elementor-element-4db91572\" data-id=\"4db91572\" data-element_type=\"column\" data-e-type=\"column\">\n\t\t\t<div class=\"elementor-widget-wrap elementor-element-populated\">\n\t\t\t\t\t\t<div class=\"elementor-element elementor-element-6fbabe6 elementor-widget elementor-widget-text-editor\" data-id=\"6fbabe6\" data-element_type=\"widget\" data-e-type=\"widget\" data-widget_type=\"text-editor.default\">\n\t\t\t\t<div class=\"elementor-widget-container\">\n\t\t\t\t\t\t\t\t\t<p>Pitk\u00e4aikainen pakettiauto-vuokraus on k\u00e4yt\u00e4nn\u00f6llinen ja kustannustehokas ratkaisu niille, jotka tarvitsevat tilavaa ajoneuvoa pidemm\u00e4ksi ajaksi ilman ostamiseen liittyvi\u00e4 velvollisuuksia ja riskej\u00e4. Pakkettiauto on loistava ratkaisu kuljettamiseen, paikalliseen liiketoimintaan ja muihin tarpeisiin.<\/p>\n\t\t\t\t\t\t\t\t<\/div>\n\t\t\t\t<\/div>\n\t\t\t\t\t<\/div>\n\t\t<\/div>\n\t\t\t\t\t<\/div>\n\t\t<\/div>\n\t\t\t\t<div data-dce-background-color=\"#F7F6F7\" class=\"elementor-section elementor-top-section elementor-element elementor-element-b93704d elementor-section-boxed elementor-section-height-default elementor-section-height-default\" data-id=\"b93704d\" data-element_type=\"section\" data-e-type=\"section\" data-settings=\"{&quot;animation_mobile&quot;:&quot;fadeIn&quot;,&quot;background_background&quot;:&quot;classic&quot;}\">\n\t\t\t\t\t\t<div class=\"elementor-container elementor-column-gap-no\">\n\t\t\t\t\t<div class=\"elementor-column elementor-col-50 elementor-top-column elementor-element elementor-element-5d07d2d\" data-id=\"5d07d2d\" data-element_type=\"column\" data-e-type=\"column\">\n\t\t\t<div class=\"elementor-widget-wrap elementor-element-populated\">\n\t\t\t\t\t\t<div class=\"elementor-element elementor-element-3dab93e elementor-widget elementor-widget-image\" data-id=\"3dab93e\" data-element_type=\"widget\" data-e-type=\"widget\" data-widget_type=\"image.default\">\n\t\t\t\t<div class=\"elementor-widget-container\">\n\t\t\t\t\t\t\t\t\t\t\t\t\t\t\t<img decoding=\"async\" src=\"https:\/\/new.aaarent.ee\/wp-content\/uploads\/elementor\/thumbs\/Partner-gear-rmcs2789znnabm8i615qyr1jz4kz7nsyi4phfmsyx4.jpg\" title=\"Partner-gear\" alt=\"Partner-gear\" loading=\"lazy\" \/>\t\t\t\t\t\t\t\t\t\t\t\t\t\t\t<\/div>\n\t\t\t\t<\/div>\n\t\t\t\t\t<\/div>\n\t\t<\/div>\n\t\t\t\t<div class=\"elementor-column elementor-col-50 elementor-top-column elementor-element elementor-element-d06bb23\" data-id=\"d06bb23\" data-element_type=\"column\" data-e-type=\"column\">\n\t\t\t<div class=\"elementor-widget-wrap elementor-element-populated\">\n\t\t\t\t\t\t<div class=\"elementor-element elementor-element-4a30d67 elementor-widget elementor-widget-heading\" data-id=\"4a30d67\" data-element_type=\"widget\" data-e-type=\"widget\" data-widget_type=\"heading.default\">\n\t\t\t\t<div class=\"elementor-widget-container\">\n\t\t\t\t\t<h2 class=\"elementor-heading-title elementor-size-default\">Erilaiset pakettiauto-vuokrausvaihtoehdot<\/h2>\t\t\t\t<\/div>\n\t\t\t\t<\/div>\n\t\t\t\t<div class=\"elementor-element elementor-element-e504237 elementor-widget elementor-widget-text-editor\" data-id=\"e504237\" data-element_type=\"widget\" data-e-type=\"widget\" data-widget_type=\"text-editor.default\">\n\t\t\t\t<div class=\"elementor-widget-container\">\n\t\t\t\t\t\t\t\t\t<p>Pakettiauto-vuokraus on saatavana usealla tavalla, mukaan lukien erikoistuneet vaihtoehdot, kuten takalevylaululla varustettu pakettiauto-vuokraus ja kylm\u00e4kaapilla varustettu pakettiauto-vuokraus, jotka sopivat erityisiin tarpeisiin. Olemme yhteydess\u00e4 sinuun ja autamme l\u00f6yt\u00e4m\u00e4\u00e4n sopivimman vaihtoehdon sinun tarpeillesi.<\/p>\n\t\t\t\t\t\t\t\t<\/div>\n\t\t\t\t<\/div>\n\t\t\t\t<div class=\"elementor-element elementor-element-f11efff elementor-mobile-align-left elementor-widget elementor-widget-button\" data-id=\"f11efff\" data-element_type=\"widget\" data-e-type=\"widget\" data-widget_type=\"button.default\">\n\t\t\t\t<div class=\"elementor-widget-container\">\n\t\t\t\t\t\t\t\t\t<div class=\"elementor-button-wrapper\">\n\t\t\t\t\t<a class=\"elementor-button elementor-button-link elementor-size-sm\" href=\"https:\/\/new.aaarent.ee\/vehicles\/soodne-ja-pikaajaline-2020-peugeot-partner-taisteenusrent-tallinnas\/\">\n\t\t\t\t\t\t<span class=\"elementor-button-content-wrapper\">\n\t\t\t\t\t\t\t\t\t<span class=\"elementor-button-text\">Meid\u00e4n autot<\/span>\n\t\t\t\t\t<\/span>\n\t\t\t\t\t<\/a>\n\t\t\t\t<\/div>\n\t\t\t\t\t\t\t\t<\/div>\n\t\t\t\t<\/div>\n\t\t\t\t\t<\/div>\n\t\t<\/div>\n\t\t\t\t\t<\/div>\n\t\t<\/div>\n\t\t\t\t<div data-dce-background-color=\"#F7F6F7\" class=\"elementor-section elementor-top-section elementor-element elementor-element-76a1394 elementor-reverse-mobile elementor-section-boxed elementor-section-height-default elementor-section-height-default\" data-id=\"76a1394\" data-element_type=\"section\" data-e-type=\"section\" data-settings=\"{&quot;animation_mobile&quot;:&quot;fadeIn&quot;,&quot;background_background&quot;:&quot;classic&quot;}\">\n\t\t\t\t\t\t<div class=\"elementor-container elementor-column-gap-no\">\n\t\t\t\t\t<div class=\"elementor-column elementor-col-50 elementor-top-column elementor-element elementor-element-329be8b\" data-id=\"329be8b\" data-element_type=\"column\" data-e-type=\"column\">\n\t\t\t<div class=\"elementor-widget-wrap elementor-element-populated\">\n\t\t\t\t\t\t<div class=\"elementor-element elementor-element-46db566 elementor-widget elementor-widget-heading\" data-id=\"46db566\" data-element_type=\"widget\" data-e-type=\"widget\" data-widget_type=\"heading.default\">\n\t\t\t\t<div class=\"elementor-widget-container\">\n\t\t\t\t\t<h2 class=\"elementor-heading-title elementor-size-default\">Pitk\u00e4aikainen pakettiauto-vuokraus ja erikoisajoneuvot<\/h2>\t\t\t\t<\/div>\n\t\t\t\t<\/div>\n\t\t\t\t<div class=\"elementor-element elementor-element-aac61b5 elementor-widget elementor-widget-text-editor\" data-id=\"aac61b5\" data-element_type=\"widget\" data-e-type=\"widget\" data-widget_type=\"text-editor.default\">\n\t\t\t\t<div class=\"elementor-widget-container\">\n\t\t\t\t\t\t\t\t\t<p>Pitk\u00e4aikaiseen k\u00e4ytt\u00f6\u00f6n on saatavana my\u00f6s useita erikoisajoneuvoja, kuten pakettiautovuokraus, joka on loistava valinta suurempien tai tilavampien tavaroiden kuljettamiseen. Olemme yhteydess\u00e4 sinuun ja autamme l\u00f6yt\u00e4m\u00e4\u00e4n sopivimman ajoneuvon sinun tarpeillesi.<\/p>\n\t\t\t\t\t\t\t\t<\/div>\n\t\t\t\t<\/div>\n\t\t\t\t<div class=\"elementor-element elementor-element-22b1b09 elementor-mobile-align-left elementor-widget elementor-widget-button\" data-id=\"22b1b09\" data-element_type=\"widget\" data-e-type=\"widget\" data-widget_type=\"button.default\">\n\t\t\t\t<div class=\"elementor-widget-container\">\n\t\t\t\t\t\t\t\t\t<div class=\"elementor-button-wrapper\">\n\t\t\t\t\t<a class=\"elementor-button elementor-button-link elementor-size-sm\" href=\"https:\/\/new.aaarent.ee\/vehicles\/soodne-ja-pikaajaline-2020-peugeot-partner-taisteenusrent-tallinnas\/\">\n\t\t\t\t\t\t<span class=\"elementor-button-content-wrapper\">\n\t\t\t\t\t\t\t\t\t<span class=\"elementor-button-text\">Meid\u00e4n autot<\/span>\n\t\t\t\t\t<\/span>\n\t\t\t\t\t<\/a>\n\t\t\t\t<\/div>\n\t\t\t\t\t\t\t\t<\/div>\n\t\t\t\t<\/div>\n\t\t\t\t\t<\/div>\n\t\t<\/div>\n\t\t\t\t<div class=\"elementor-column elementor-col-50 elementor-top-column elementor-element elementor-element-e1de120\" data-id=\"e1de120\" data-element_type=\"column\" data-e-type=\"column\">\n\t\t\t<div class=\"elementor-widget-wrap elementor-element-populated\">\n\t\t\t\t\t\t<div class=\"elementor-element elementor-element-0a7e6f3 elementor-widget elementor-widget-image\" data-id=\"0a7e6f3\" data-element_type=\"widget\" data-e-type=\"widget\" data-widget_type=\"image.default\">\n\t\t\t\t<div class=\"elementor-widget-container\">\n\t\t\t\t\t\t\t\t\t\t\t\t\t\t\t<img fetchpriority=\"high\" decoding=\"async\" width=\"1600\" height=\"1679\" src=\"https:\/\/new.aaarent.ee\/wp-content\/uploads\/2025\/12\/qhbgxtwic1yc2sz39ibt-Firefly-Upscaler-2x-scale-2.jpg\" class=\"attachment-large size-large wp-image-53929\" alt=\"\" srcset=\"https:\/\/new.aaarent.ee\/wp-content\/uploads\/2025\/12\/qhbgxtwic1yc2sz39ibt-Firefly-Upscaler-2x-scale-2.jpg 1600w, https:\/\/new.aaarent.ee\/wp-content\/uploads\/2025\/12\/qhbgxtwic1yc2sz39ibt-Firefly-Upscaler-2x-scale-2-286x300.jpg 286w, https:\/\/new.aaarent.ee\/wp-content\/uploads\/2025\/12\/qhbgxtwic1yc2sz39ibt-Firefly-Upscaler-2x-scale-2-768x806.jpg 768w, https:\/\/new.aaarent.ee\/wp-content\/uploads\/2025\/12\/qhbgxtwic1yc2sz39ibt-Firefly-Upscaler-2x-scale-2-1464x1536.jpg 1464w, https:\/\/new.aaarent.ee\/wp-content\/uploads\/2025\/12\/qhbgxtwic1yc2sz39ibt-Firefly-Upscaler-2x-scale-2-300x315.jpg 300w, https:\/\/new.aaarent.ee\/wp-content\/uploads\/2025\/12\/qhbgxtwic1yc2sz39ibt-Firefly-Upscaler-2x-scale-2-600x630.jpg 600w\" sizes=\"(max-width: 1600px) 100vw, 1600px\" title=\"\">\t\t\t\t\t\t\t\t\t\t\t\t\t\t\t<\/div>\n\t\t\t\t<\/div>\n\t\t\t\t\t<\/div>\n\t\t<\/div>\n\t\t\t\t\t<\/div>\n\t\t<\/div>\n\t\t\t\t<\/div>\n\t\t","protected":false},"excerpt":{"rendered":"<p>Tilauksen summa %s<\/p>\n","protected":false},"author":2,"featured_media":53925,"parent":0,"menu_order":0,"comment_status":"closed","ping_status":"closed","template":"","meta":{"_acf_changed":false,"footnotes":""},"class_list":["post-53924","page","type-page","status-publish","has-post-thumbnail","hentry"],"acf":[],"_links":{"self":[{"href":"https:\/\/new.aaarent.ee\/fi\/wp-json\/wp\/v2\/pages\/53924","targetHints":{"allow":["GET"]}}],"collection":[{"href":"https:\/\/new.aaarent.ee\/fi\/wp-json\/wp\/v2\/pages"}],"about":[{"href":"https:\/\/new.aaarent.ee\/fi\/wp-json\/wp\/v2\/types\/page"}],"author":[{"embeddable":true,"href":"https:\/\/new.aaarent.ee\/fi\/wp-json\/wp\/v2\/users\/2"}],"replies":[{"embeddable":true,"href":"https:\/\/new.aaarent.ee\/fi\/wp-json\/wp\/v2\/comments?post=53924"}],"version-history":[{"count":1,"href":"https:\/\/new.aaarent.ee\/fi\/wp-json\/wp\/v2\/pages\/53924\/revisions"}],"predecessor-version":[{"id":53931,"href":"https:\/\/new.aaarent.ee\/fi\/wp-json\/wp\/v2\/pages\/53924\/revisions\/53931"}],"wp:featuredmedia":[{"embeddable":true,"href":"https:\/\/new.aaarent.ee\/fi\/wp-json\/wp\/v2\/media\/53925"}],"wp:attachment":[{"href":"https:\/\/new.aaarent.ee\/fi\/wp-json\/wp\/v2\/media?parent=53924"}],"curies":[{"name":"wp","href":"https:\/\/api.w.org\/{rel}","templated":true}]}}