{"id":53918,"date":"2026-03-26T00:14:49","date_gmt":"2026-03-25T22:14:49","guid":{"rendered":"https:\/\/new.aaarent.ee\/pikkubussin-vuokraus\/"},"modified":"2026-03-26T00:15:22","modified_gmt":"2026-03-25T22:15:22","slug":"pikkubussin-vuokraus","status":"publish","type":"page","link":"https:\/\/new.aaarent.ee\/fi\/pikkubussin-vuokraus\/","title":{"rendered":"Pikkubussin vuokraus"},"content":{"rendered":"\t\t<div data-elementor-type=\"wp-page\" data-elementor-id=\"53918\" class=\"elementor elementor-53918 elementor-53191\" data-elementor-post-type=\"page\">\n\t\t\t\t\t\t<section data-dce-background-color=\"#F1F1F1\" data-dce-background-overlay-color=\"#0000001F\" data-dce-background-image-url=\"https:\/\/new.aaarent.ee\/wp-content\/uploads\/2025\/12\/Toyota-Proace-City-Verso-NOT-UK-SPEC-8-copy-1.jpg\" class=\"elementor-section elementor-top-section elementor-element elementor-element-af983f5 elementor-section-boxed elementor-section-height-default elementor-section-height-default\" data-id=\"af983f5\" data-element_type=\"section\" data-e-type=\"section\" data-settings=\"{&quot;animation_mobile&quot;:&quot;none&quot;,&quot;background_background&quot;:&quot;classic&quot;}\">\n\t\t\t\t\t\t\t<div class=\"elementor-background-overlay\"><\/div>\n\t\t\t\t\t\t\t<div class=\"elementor-container elementor-column-gap-no\">\n\t\t\t\t\t<div class=\"elementor-column elementor-col-100 elementor-top-column elementor-element elementor-element-3fb56cc9\" data-id=\"3fb56cc9\" data-element_type=\"column\" data-e-type=\"column\">\n\t\t\t<div class=\"elementor-widget-wrap elementor-element-populated\">\n\t\t\t\t\t\t<section class=\"elementor-section elementor-inner-section elementor-element elementor-element-4079158 elementor-section-boxed elementor-section-height-default elementor-section-height-default\" data-id=\"4079158\" data-element_type=\"section\" data-e-type=\"section\">\n\t\t\t\t\t\t<div class=\"elementor-container elementor-column-gap-no\">\n\t\t\t\t\t<div class=\"elementor-column elementor-col-100 elementor-inner-column elementor-element elementor-element-fdebd95\" data-id=\"fdebd95\" data-element_type=\"column\" data-e-type=\"column\">\n\t\t\t<div class=\"elementor-widget-wrap elementor-element-populated\">\n\t\t\t\t\t\t<div data-dce-title-color=\"#FFFFFF\" class=\"elementor-element elementor-element-f7e873f elementor-widget-mobile__width-initial elementor-widget__width-initial elementor-widget elementor-widget-heading\" data-id=\"f7e873f\" data-element_type=\"widget\" data-e-type=\"widget\" data-settings=\"{&quot;_animation_mobile&quot;:&quot;fadeIn&quot;}\" data-widget_type=\"heading.default\">\n\t\t\t\t<div class=\"elementor-widget-container\">\n\t\t\t\t\t<h1 class=\"elementor-heading-title elementor-size-default\">Pikkubussin vuokraus<\/h1>\t\t\t\t<\/div>\n\t\t\t\t<\/div>\n\t\t\t\t<div data-dce-title-color=\"#FFFFFF\" class=\"elementor-element elementor-element-a6d2376 elementor-widget-mobile__width-initial elementor-widget elementor-widget-heading\" data-id=\"a6d2376\" data-element_type=\"widget\" data-e-type=\"widget\" data-settings=\"{&quot;_animation_mobile&quot;:&quot;fadeIn&quot;}\" data-widget_type=\"heading.default\">\n\t\t\t\t<div class=\"elementor-widget-container\">\n\t\t\t\t\t<span class=\"elementor-heading-title elementor-size-default\">Luotettava ja kustannustehokas valinta<\/span>\t\t\t\t<\/div>\n\t\t\t\t<\/div>\n\t\t\t\t<div class=\"elementor-element elementor-element-65b1ed2 elementor-mobile-align-left elementor-widget elementor-widget-button\" data-id=\"65b1ed2\" data-element_type=\"widget\" data-e-type=\"widget\" data-widget_type=\"button.default\">\n\t\t\t\t<div class=\"elementor-widget-container\">\n\t\t\t\t\t\t\t\t\t<div class=\"elementor-button-wrapper\">\n\t\t\t\t\t<a class=\"elementor-button elementor-button-link elementor-size-sm\" href=\"#autod\">\n\t\t\t\t\t\t<span class=\"elementor-button-content-wrapper\">\n\t\t\t\t\t\t\t\t\t<span class=\"elementor-button-text\">Meid\u00e4n autot<\/span>\n\t\t\t\t\t<\/span>\n\t\t\t\t\t<\/a>\n\t\t\t\t<\/div>\n\t\t\t\t\t\t\t\t<\/div>\n\t\t\t\t<\/div>\n\t\t\t\t\t<\/div>\n\t\t<\/div>\n\t\t\t\t\t<\/div>\n\t\t<\/section>\n\t\t\t\t<div class=\"elementor-element elementor-element-113a06b elementor-icon-list--layout-inline elementor-hidden-mobile elementor-list-item-link-full_width elementor-widget elementor-widget-icon-list\" data-id=\"113a06b\" data-element_type=\"widget\" data-e-type=\"widget\" data-widget_type=\"icon-list.default\">\n\t\t\t\t<div class=\"elementor-widget-container\">\n\t\t\t\t\t\t\t<ul class=\"elementor-icon-list-items elementor-inline-items\">\n\t\t\t\t\t\t\t<li class=\"elementor-icon-list-item elementor-inline-item\">\n\t\t\t\t\t\t\t\t\t\t\t<span class=\"elementor-icon-list-icon\">\n\t\t\t\t\t\t\t<i aria-hidden=\"true\" class=\"fas fa-check\"><\/i>\t\t\t\t\t\t<\/span>\n\t\t\t\t\t\t\t\t\t\t<span class=\"elementor-icon-list-text\">Huollot ja korjaukset<\/span>\n\t\t\t\t\t\t\t\t\t<\/li>\n\t\t\t\t\t\t\t\t<li class=\"elementor-icon-list-item elementor-inline-item\">\n\t\t\t\t\t\t\t\t\t\t\t<span class=\"elementor-icon-list-icon\">\n\t\t\t\t\t\t\t<i aria-hidden=\"true\" class=\"fas fa-check\"><\/i>\t\t\t\t\t\t<\/span>\n\t\t\t\t\t\t\t\t\t\t<span class=\"elementor-icon-list-text\">Renkaat<\/span>\n\t\t\t\t\t\t\t\t\t<\/li>\n\t\t\t\t\t\t\t\t<li class=\"elementor-icon-list-item elementor-inline-item\">\n\t\t\t\t\t\t\t\t\t\t\t<span class=\"elementor-icon-list-icon\">\n\t\t\t\t\t\t\t<i aria-hidden=\"true\" class=\"fas fa-check\"><\/i>\t\t\t\t\t\t<\/span>\n\t\t\t\t\t\t\t\t\t\t<span class=\"elementor-icon-list-text\">Vakuutukset<\/span>\n\t\t\t\t\t\t\t\t\t<\/li>\n\t\t\t\t\t\t\t\t<li class=\"elementor-icon-list-item elementor-inline-item\">\n\t\t\t\t\t\t\t\t\t\t\t<span class=\"elementor-icon-list-icon\">\n\t\t\t\t\t\t\t<i aria-hidden=\"true\" class=\"fas fa-check\"><\/i>\t\t\t\t\t\t<\/span>\n\t\t\t\t\t\t\t\t\t\t<span class=\"elementor-icon-list-text\">Sijaisauto ja tiepalvelu<\/span>\n\t\t\t\t\t\t\t\t\t<\/li>\n\t\t\t\t\t\t\t\t<li class=\"elementor-icon-list-item elementor-inline-item\">\n\t\t\t\t\t\t\t\t\t\t\t<span class=\"elementor-icon-list-icon\">\n\t\t\t\t\t\t\t<i aria-hidden=\"true\" class=\"fas fa-check\"><\/i>\t\t\t\t\t\t<\/span>\n\t\t\t\t\t\t\t\t\t\t<span class=\"elementor-icon-list-text\">Tekninen tarkastus<\/span>\n\t\t\t\t\t\t\t\t\t<\/li>\n\t\t\t\t\t\t<\/ul>\n\t\t\t\t\t\t<\/div>\n\t\t\t\t<\/div>\n\t\t\t\t\t<\/div>\n\t\t<\/div>\n\t\t\t\t\t<\/div>\n\t\t<\/section>\n\t\t\t\t<div data-dce-background-color=\"#F7F6F7\" class=\"elementor-section elementor-top-section elementor-element elementor-element-30a66b22 elementor-section-boxed elementor-section-height-default elementor-section-height-default\" data-id=\"30a66b22\" data-element_type=\"section\" data-e-type=\"section\" data-settings=\"{&quot;animation_mobile&quot;:&quot;fadeIn&quot;,&quot;background_background&quot;:&quot;classic&quot;}\">\n\t\t\t\t\t\t<div class=\"elementor-container elementor-column-gap-no\">\n\t\t\t\t\t<div class=\"elementor-column elementor-col-100 elementor-top-column elementor-element elementor-element-4db91572\" data-id=\"4db91572\" data-element_type=\"column\" data-e-type=\"column\">\n\t\t\t<div class=\"elementor-widget-wrap elementor-element-populated\">\n\t\t\t\t\t\t<div class=\"elementor-element elementor-element-6fbabe6 elementor-widget elementor-widget-text-editor\" data-id=\"6fbabe6\" data-element_type=\"widget\" data-e-type=\"widget\" data-widget_type=\"text-editor.default\">\n\t\t\t\t<div class=\"elementor-widget-container\">\n\t\t\t\t\t\t\t\t\t<p class=\"p1\">Suunnitteletko perhelomaa, miellytt\u00e4v\u00e4\u00e4 viikonloppulomaa, t\u00e4rke\u00e4\u00e4 tapahtumaa tai liikematkaa? Oikean kuljetusj\u00e4rjestelm\u00e4n valinta vaikuttaa koko matkaan ja tekee siit\u00e4 joko miellytt\u00e4v\u00e4n tai rasittavan kokemuksen. Pikkubussilla matkustaminen koko perheell\u00e4 tai ryhm\u00e4ll\u00e4 tarjoaa n\u00e4ille, jotka arvostavat loukkaavuutta ja yhteisyytt\u00e4, loistavan vaihtoehdon. Ent\u00e4 jos et halua ostaa pikkubussia? T\u00e4m\u00e4 on t\u00e4ysin ymm\u00e4rrett\u00e4v\u00e4\u00e4 \u2014 pikkubussien vuokraus on paljon edullisempi ja joustavampi ratkaisu.<\/p>\n\t\t\t\t\t\t\t\t<\/div>\n\t\t\t\t<\/div>\n\t\t\t\t\t<\/div>\n\t\t<\/div>\n\t\t\t\t\t<\/div>\n\t\t<\/div>\n\t\t\t\t<div data-dce-background-color=\"#F7F6F7\" class=\"elementor-section elementor-top-section elementor-element elementor-element-b93704d elementor-section-boxed elementor-section-height-default elementor-section-height-default\" data-id=\"b93704d\" data-element_type=\"section\" data-e-type=\"section\" id=\"autod\" data-settings=\"{&quot;animation_mobile&quot;:&quot;fadeIn&quot;,&quot;background_background&quot;:&quot;classic&quot;}\">\n\t\t\t\t\t\t<div class=\"elementor-container elementor-column-gap-no\">\n\t\t\t\t\t<div class=\"elementor-column elementor-col-50 elementor-top-column elementor-element elementor-element-5d07d2d\" data-id=\"5d07d2d\" data-element_type=\"column\" data-e-type=\"column\">\n\t\t\t<div class=\"elementor-widget-wrap elementor-element-populated\">\n\t\t\t\t\t\t<div class=\"elementor-element elementor-element-48fdd1e elementor-grid-2 elementor-grid-mobile-1 elementor-grid-tablet-2 elementor-widget elementor-widget-loop-grid\" data-id=\"48fdd1e\" data-element_type=\"widget\" data-e-type=\"widget\" data-settings=\"{&quot;template_id&quot;:54023,&quot;columns&quot;:2,&quot;columns_mobile&quot;:1,&quot;row_gap_mobile&quot;:{&quot;unit&quot;:&quot;px&quot;,&quot;size&quot;:15,&quot;sizes&quot;:[]},&quot;row_gap_tablet&quot;:{&quot;unit&quot;:&quot;px&quot;,&quot;size&quot;:15,&quot;sizes&quot;:[]},&quot;row_gap&quot;:{&quot;unit&quot;:&quot;px&quot;,&quot;size&quot;:18,&quot;sizes&quot;:[]},&quot;_skin&quot;:&quot;post&quot;,&quot;columns_tablet&quot;:&quot;2&quot;,&quot;edit_handle_selector&quot;:&quot;[data-elementor-type=\\&quot;loop-item\\&quot;]&quot;}\" data-widget_type=\"loop-grid.post\">\n\t\t\t\t<div class=\"elementor-widget-container\">\n\t\t\t\t\t\t\t<div class=\"e-loop-nothing-found-message\">\n\t\t<\/div>\n\t\t\t\t\t\t<\/div>\n\t\t\t\t<\/div>\n\t\t\t\t\t<\/div>\n\t\t<\/div>\n\t\t\t\t<div class=\"elementor-column elementor-col-50 elementor-top-column elementor-element elementor-element-d06bb23\" data-id=\"d06bb23\" data-element_type=\"column\" data-e-type=\"column\">\n\t\t\t<div class=\"elementor-widget-wrap elementor-element-populated\">\n\t\t\t\t\t\t<div class=\"elementor-element elementor-element-4a30d67 elementor-widget elementor-widget-heading\" data-id=\"4a30d67\" data-element_type=\"widget\" data-e-type=\"widget\" data-widget_type=\"heading.default\">\n\t\t\t\t<div class=\"elementor-widget-container\">\n\t\t\t\t\t<h2 class=\"elementor-heading-title elementor-size-default\">K\u00e4tev\u00e4 pikkubussin vuokraus matkoille Virossa ja ulkomailla<\/h2>\t\t\t\t<\/div>\n\t\t\t\t<\/div>\n\t\t\t\t<div class=\"elementor-element elementor-element-e504237 elementor-widget elementor-widget-text-editor\" data-id=\"e504237\" data-element_type=\"widget\" data-e-type=\"widget\" data-widget_type=\"text-editor.default\">\n\t\t\t\t<div class=\"elementor-widget-container\">\n\t\t\t\t\t\t\t\t\t<p>Meid\u00e4n uusimmat yhdeks\u00e4npaikkaavat pikkubussit (8+1) automaattisella vaihteistolla sopivat ihanteellisesti sek\u00e4 Viron sis\u00e4isiin matkoihin ett\u00e4 ulkomaanmatkoihin. Avara sis\u00e4tila, hyv\u00e4 n\u00e4kyvyys ja turvallisuus tekev\u00e4t jokaisesta matkasta miellytt\u00e4v\u00e4n.<\/p>\n<ul>\n<li>9-paikkainen pikkubussi (8+1) automaattisella vaihteistolla<\/li>\n<li>Hyvi\u00e4 turvallisuusominaisuuksia<\/li>\n<li>Iso tavaratila matkalaukkuille ja muulle varusteille<\/li>\n<li>K\u00e4tev\u00e4t istuimet kaikkiin matkustajiin<\/li>\n<li>Hyvin varusteltu (ilmastointi, radio, paikat jne.)<\/li>\n<\/ul>\n\t\t\t\t\t\t\t\t<\/div>\n\t\t\t\t<\/div>\n\t\t\t\t<div class=\"elementor-element elementor-element-603d6c9 elementor-widget elementor-widget-button\" data-id=\"603d6c9\" data-element_type=\"widget\" data-e-type=\"widget\" data-widget_type=\"button.default\">\n\t\t\t\t<div class=\"elementor-widget-container\">\n\t\t\t\t\t\t\t\t\t<div class=\"elementor-button-wrapper\">\n\t\t\t\t\t<a class=\"elementor-button elementor-button-link elementor-size-sm\" href=\"https:\/\/new.aaarent.ee\/fi\/yhteydenotto\/\">\n\t\t\t\t\t\t<span class=\"elementor-button-content-wrapper\">\n\t\t\t\t\t\t\t\t\t<span class=\"elementor-button-text\">KYSY LIS\u00c4TIETOJA<\/span>\n\t\t\t\t\t<\/span>\n\t\t\t\t\t<\/a>\n\t\t\t\t<\/div>\n\t\t\t\t\t\t\t\t<\/div>\n\t\t\t\t<\/div>\n\t\t\t\t\t<\/div>\n\t\t<\/div>\n\t\t\t\t\t<\/div>\n\t\t<\/div>\n\t\t\t\t<div data-dce-background-color=\"#F7F6F7\" class=\"elementor-section elementor-top-section elementor-element elementor-element-76a1394 elementor-section-boxed elementor-section-height-default elementor-section-height-default\" data-id=\"76a1394\" data-element_type=\"section\" data-e-type=\"section\" data-settings=\"{&quot;animation_mobile&quot;:&quot;fadeIn&quot;,&quot;background_background&quot;:&quot;classic&quot;}\">\n\t\t\t\t\t\t<div class=\"elementor-container elementor-column-gap-no\">\n\t\t\t\t\t<div class=\"elementor-column elementor-col-50 elementor-top-column elementor-element elementor-element-329be8b\" data-id=\"329be8b\" data-element_type=\"column\" data-e-type=\"column\">\n\t\t\t<div class=\"elementor-widget-wrap elementor-element-populated\">\n\t\t\t\t\t\t<div class=\"elementor-element elementor-element-46db566 elementor-widget elementor-widget-heading\" data-id=\"46db566\" data-element_type=\"widget\" data-e-type=\"widget\" data-widget_type=\"heading.default\">\n\t\t\t\t<div class=\"elementor-widget-container\">\n\t\t\t\t\t<h2 class=\"elementor-heading-title elementor-size-default\">Tilaa, helppo sis\u00e4\u00e4nk\u00e4ynti ja joustavuus<\/h2>\t\t\t\t<\/div>\n\t\t\t\t<\/div>\n\t\t\t\t<div class=\"elementor-element elementor-element-aac61b5 elementor-widget elementor-widget-text-editor\" data-id=\"aac61b5\" data-element_type=\"widget\" data-e-type=\"widget\" data-widget_type=\"text-editor.default\">\n\t\t\t\t<div class=\"elementor-widget-container\">\n\t\t\t\t\t\t\t\t\t<p>Meid\u00e4n pikkubuseilla liikkuminen on k\u00e4tev\u00e4\u00e4 kaikissa olosuhteissa. Avara matkalaukkujen s\u00e4ilytystila, johon mahtuva matkalaukut, urheiluvarustus tai ty\u00f6v\u00e4lineet, pit\u00e4en salonia puhtaana ja j\u00e4rjestyksess\u00e4. Pikkubussissa on my\u00f6s hyv\u00e4 n\u00e4kyvyys kuljettajalle ja mukavuus kaikille matkustajille \u2013 niin pitkill\u00e4 ett\u00e4 lyhyill\u00e4 matkoilla. Se on loistava ratkaisu ottaa perheesi tai tiimisi kanssa matkalle!<\/p>\n\t\t\t\t\t\t\t\t<\/div>\n\t\t\t\t<\/div>\n\t\t\t\t<div class=\"elementor-element elementor-element-78edaa5 elementor-widget elementor-widget-button\" data-id=\"78edaa5\" data-element_type=\"widget\" data-e-type=\"widget\" data-widget_type=\"button.default\">\n\t\t\t\t<div class=\"elementor-widget-container\">\n\t\t\t\t\t\t\t\t\t<div class=\"elementor-button-wrapper\">\n\t\t\t\t\t<a class=\"elementor-button elementor-button-link elementor-size-sm\" href=\"https:\/\/new.aaarent.ee\/fi\/yhteydenotto\/\">\n\t\t\t\t\t\t<span class=\"elementor-button-content-wrapper\">\n\t\t\t\t\t\t\t\t\t<span class=\"elementor-button-text\">KYSY LIS\u00c4TIETOJA<\/span>\n\t\t\t\t\t<\/span>\n\t\t\t\t\t<\/a>\n\t\t\t\t<\/div>\n\t\t\t\t\t\t\t\t<\/div>\n\t\t\t\t<\/div>\n\t\t\t\t\t<\/div>\n\t\t<\/div>\n\t\t\t\t<div class=\"elementor-column elementor-col-50 elementor-top-column elementor-element elementor-element-e1de120\" data-id=\"e1de120\" data-element_type=\"column\" data-e-type=\"column\">\n\t\t\t<div class=\"elementor-widget-wrap elementor-element-populated\">\n\t\t\t\t\t\t<div class=\"elementor-element elementor-element-0a7e6f3 elementor-widget elementor-widget-image\" data-id=\"0a7e6f3\" data-element_type=\"widget\" data-e-type=\"widget\" data-widget_type=\"image.default\">\n\t\t\t\t<div class=\"elementor-widget-container\">\n\t\t\t\t\t\t\t\t\t\t\t\t\t\t\t<img decoding=\"async\" src=\"https:\/\/new.aaarent.ee\/wp-content\/uploads\/elementor\/thumbs\/Toyota-Proace-Verso-2-rmcs2789znnus7ksi3u7huvkcz16hjs53m7bglbxyo.jpg\" title=\"Toyota Proace Verso (2)\" alt=\"Toyota Proace Verso (2)\" loading=\"lazy\" \/>\t\t\t\t\t\t\t\t\t\t\t\t\t\t\t<\/div>\n\t\t\t\t<\/div>\n\t\t\t\t\t<\/div>\n\t\t<\/div>\n\t\t\t\t\t<\/div>\n\t\t<\/div>\n\t\t\t\t<\/div>\n\t\t","protected":false},"excerpt":{"rendered":"<p>Tilauksen summa %s<\/p>\n","protected":false},"author":2,"featured_media":53922,"parent":0,"menu_order":0,"comment_status":"closed","ping_status":"closed","template":"","meta":{"_acf_changed":false,"footnotes":""},"class_list":["post-53918","page","type-page","status-publish","has-post-thumbnail","hentry"],"acf":[],"_links":{"self":[{"href":"https:\/\/new.aaarent.ee\/fi\/wp-json\/wp\/v2\/pages\/53918","targetHints":{"allow":["GET"]}}],"collection":[{"href":"https:\/\/new.aaarent.ee\/fi\/wp-json\/wp\/v2\/pages"}],"about":[{"href":"https:\/\/new.aaarent.ee\/fi\/wp-json\/wp\/v2\/types\/page"}],"author":[{"embeddable":true,"href":"https:\/\/new.aaarent.ee\/fi\/wp-json\/wp\/v2\/users\/2"}],"replies":[{"embeddable":true,"href":"https:\/\/new.aaarent.ee\/fi\/wp-json\/wp\/v2\/comments?post=53918"}],"version-history":[{"count":3,"href":"https:\/\/new.aaarent.ee\/fi\/wp-json\/wp\/v2\/pages\/53918\/revisions"}],"predecessor-version":[{"id":54146,"href":"https:\/\/new.aaarent.ee\/fi\/wp-json\/wp\/v2\/pages\/53918\/revisions\/54146"}],"wp:featuredmedia":[{"embeddable":true,"href":"https:\/\/new.aaarent.ee\/fi\/wp-json\/wp\/v2\/media\/53922"}],"wp:attachment":[{"href":"https:\/\/new.aaarent.ee\/fi\/wp-json\/wp\/v2\/media?parent=53918"}],"curies":[{"name":"wp","href":"https:\/\/api.w.org\/{rel}","templated":true}]}}