{"id":52563,"date":"2025-07-22T10:20:17","date_gmt":"2025-07-22T07:20:17","guid":{"rendered":"https:\/\/new.aaarent.ee\/?page_id=52563"},"modified":"2025-12-09T05:42:54","modified_gmt":"2025-12-09T03:42:54","slug":"privacy-policy","status":"publish","type":"page","link":"https:\/\/new.aaarent.ee\/en\/privacy-policy\/","title":{"rendered":"Privacy Policy"},"content":{"rendered":"\t\t<div data-elementor-type=\"wp-page\" data-elementor-id=\"52563\" class=\"elementor elementor-52563 elementor-52562\" data-elementor-post-type=\"page\">\n\t\t\t\t\t\t<section class=\"elementor-section elementor-top-section elementor-element elementor-element-8816aa0 elementor-section-boxed elementor-section-height-default elementor-section-height-default\" data-id=\"8816aa0\" data-element_type=\"section\" data-e-type=\"section\">\n\t\t\t\t\t\t<div class=\"elementor-container elementor-column-gap-no\">\n\t\t\t\t\t<div class=\"elementor-column elementor-col-100 elementor-top-column elementor-element elementor-element-35178a9\" data-id=\"35178a9\" data-element_type=\"column\" data-e-type=\"column\">\n\t\t\t<div class=\"elementor-widget-wrap elementor-element-populated\">\n\t\t\t\t\t\t<div class=\"elementor-element elementor-element-282973f elementor-widget elementor-widget-heading\" data-id=\"282973f\" data-element_type=\"widget\" data-e-type=\"widget\" data-widget_type=\"heading.default\">\n\t\t\t\t<div class=\"elementor-widget-container\">\n\t\t\t\t\t<h2 class=\"elementor-heading-title elementor-size-default\">Privacy Policy<\/h2>\t\t\t\t<\/div>\n\t\t\t\t<\/div>\n\t\t\t\t<div class=\"elementor-element elementor-element-b912db4 elementor-widget elementor-widget-text-editor\" data-id=\"b912db4\" data-element_type=\"widget\" data-e-type=\"widget\" data-widget_type=\"text-editor.default\">\n\t\t\t\t<div class=\"elementor-widget-container\">\n\t\t\t\t\t\t\t\t\t<p>Viimane uuendus: 18.07.2025<\/p>\n<p>Tere tulemast veebilehele www.addfleet.ee (edaspidi \u201cVeebileht\u201d). Meie privaatsuspoliitika kirjeldab, kuidas addFleet O\u00dc (registrikood 10055611) kogub, kasutab ja kaitseb sinu isikuandmeid vastavalt kehtivatele andmekaitse seadustele.<\/p>\n<h3>1. Andmesubjekt ja andmete t\u00f6\u00f6tleja<\/h3>\n<p>Andmete vastutav t\u00f6\u00f6tleja on addFleet O\u00dc.<br \/>Aadress: Harju maakond, Tallinn, Lasnam\u00e4e linnaosa, Keevise tn 10, 11415<br \/>E-post: info@addfleet.ee<br \/>Telefon: +372 5333 3000<\/p>\n<h3>2. Kogutavad andmed<\/h3>\n<p>Veebilehe kasutamise ja teenuste osutamise k\u00e4igus v\u00f5ime koguda j\u00e4rgmisi andmeid:<br \/>\u2022 Isikuandmed (nimi, e-posti aadress, telefoninumber)<br \/>\u2022 Tehnilised andmed (IP-aadress, brauseri t\u00fc\u00fcp, k\u00fclastusaeg)<br \/>\u2022 Muud andmed, mida kasutaja vabatahtlikult esitab (nt kontaktivormid, p\u00e4ringud)<\/p>\n<h3>3. Andmete kasutamise eesm\u00e4rk<\/h3>\n<p>Kogutud andmeid kasutame j\u00e4rgmiste eesm\u00e4rkide jaoks:<br \/>\u2022 Teenuste osutamine ja haldamine<br \/>\u2022 Klienditoe pakkumine<br \/>\u2022 Teavitused ja olulised uuendused<br \/>\u2022 Turvalisuse ja kasutuskogemuse parandamine<br \/>\u2022 \u00d5iguslike kohustuste t\u00e4itmine<\/p>\n<h3>4. Andmete jagamine<\/h3>\n<p>Me ei m\u00fc\u00fc ega rendi sinu isikuandmeid kolmandatele isikutele. Andmeid v\u00f5idakse jagada ainult usaldusv\u00e4\u00e4rsete partneritega, kes aitavad meil teenuseid pakkuda, ning ainult vastavalt andmet\u00f6\u00f6tluslepingutele ja seadustele.<\/p>\n<h3>5. Andmete s\u00e4ilitamine<\/h3>\n<p>Isikuandmeid s\u00e4ilitame ainult nii kaua, kui see on vajalik nende eesm\u00e4rkide t\u00e4itmiseks v\u00f5i seadusest tulenevate n\u00f5uete t\u00e4itmiseks.<\/p>\n<h3>6. Kasutaja \u00f5igused<\/h3>\n<p>Sul on \u00f5igus:<br \/>\u2022 Taotleda oma isikuandmete kohta teavet<br \/>\u2022 Paluda parandada v\u00f5i kustutada ebat\u00e4psed andmed<br \/>\u2022 Piirata v\u00f5i keelata andmete t\u00f6\u00f6tlemist<br \/>\u2022 Esitada kaebus j\u00e4relevalveasutusele<\/p>\n<h3>7. K\u00fcpsised (Cookies)<\/h3>\n<p>Veebileht kasutab k\u00fcpsiseid, et parandada kasutajakogemust ja anal\u00fc\u00fcsida liiklust. K\u00fcpsiste kasutamise tingimused on kirjeldatud meie k\u00fcpsiste poliitikas.<\/p>\n<h3>8. Turvalisus<\/h3>\n<p>Rakendame sobivaid tehnilisi ja organisatsioonilisi meetmeid, et kaitsta sinu andmeid volitamata juurdep\u00e4\u00e4su, muutmise v\u00f5i h\u00e4vitamise eest.<\/p>\n<h3>9. Kontakt<\/h3>\n<p>Kui sul on k\u00fcsimusi v\u00f5i soovid oma \u00f5igusi kasutada, palun v\u00f5ta meiega \u00fchendust:<br \/>E-post: info@addfleet.ee<br \/>Telefon: +372 5333 3000<\/p>\n\t\t\t\t\t\t\t\t<\/div>\n\t\t\t\t<\/div>\n\t\t\t\t\t<\/div>\n\t\t<\/div>\n\t\t\t\t\t<\/div>\n\t\t<\/section>\n\t\t\t\t<\/div>\n\t\t","protected":false},"excerpt":{"rendered":"<p>Privacy Policy Viimane uuendus: 18.07.2025 Tere tulemast veebilehele www.addfleet.ee (edaspidi \u201cVeebileht\u201d). Meie privaatsuspoliitika kirjeldab, kuidas addFleet O\u00dc (registrikood 10055611) kogub, kasutab ja kaitseb sinu isikuandmeid vastavalt kehtivatele andmekaitse seadustele. 1. Andmesubjekt ja andmete t\u00f6\u00f6tleja Andmete vastutav t\u00f6\u00f6tleja on addFleet O\u00dc.Aadress: Harju maakond, Tallinn, Lasnam\u00e4e linnaosa, Keevise tn 10, 11415E-post: info@addfleet.eeTelefon: +372 5333 3000 2. Kogutavad [&hellip;]<\/p>\n","protected":false},"author":2,"featured_media":0,"parent":0,"menu_order":0,"comment_status":"closed","ping_status":"closed","template":"","meta":{"_acf_changed":false,"footnotes":""},"class_list":["post-52563","page","type-page","status-publish","hentry"],"acf":[],"_links":{"self":[{"href":"https:\/\/new.aaarent.ee\/en\/wp-json\/wp\/v2\/pages\/52563","targetHints":{"allow":["GET"]}}],"collection":[{"href":"https:\/\/new.aaarent.ee\/en\/wp-json\/wp\/v2\/pages"}],"about":[{"href":"https:\/\/new.aaarent.ee\/en\/wp-json\/wp\/v2\/types\/page"}],"author":[{"embeddable":true,"href":"https:\/\/new.aaarent.ee\/en\/wp-json\/wp\/v2\/users\/2"}],"replies":[{"embeddable":true,"href":"https:\/\/new.aaarent.ee\/en\/wp-json\/wp\/v2\/comments?post=52563"}],"version-history":[{"count":1,"href":"https:\/\/new.aaarent.ee\/en\/wp-json\/wp\/v2\/pages\/52563\/revisions"}],"predecessor-version":[{"id":52624,"href":"https:\/\/new.aaarent.ee\/en\/wp-json\/wp\/v2\/pages\/52563\/revisions\/52624"}],"wp:attachment":[{"href":"https:\/\/new.aaarent.ee\/en\/wp-json\/wp\/v2\/media?parent=52563"}],"curies":[{"name":"wp","href":"https:\/\/api.w.org\/{rel}","templated":true}]}}